{"id":206,"date":"2015-07-14T14:50:10","date_gmt":"2015-07-14T14:50:10","guid":{"rendered":"http:\/\/test.kriesi.at\/minimal-portfolio\/?page_id=9"},"modified":"2022-03-09T16:41:56","modified_gmt":"2022-03-09T19:41:56","slug":"focco-design","status":"publish","type":"page","link":"https:\/\/foccodesign.com.br\/","title":{"rendered":"Home"},"content":{"rendered":"<div class=\"mp-row-fluid motopress-row mpce-dsbl-margin-left mpce-dsbl-margin-right\">\n<div class=\"mp-span12 motopress-clmn  mpce-dsbl-margin-left mpce-dsbl-margin-right\">\n<\/div><\/div><\/div><!-- close content main div --><\/div><\/div><div id='av_section_1' class='avia-section main_color avia-section-large avia-no-border-styling avia-full-stretch avia-bg-style-fixed   container_wrap fullsize' style = 'background-color: #ffffff; background-repeat: no-repeat; background-image: url(https:\/\/foccodesign.com.br\/wp-content\/uploads\/2015\/07\/slider-3-1.png); background-attachment: fixed; background-position: top left; ' data-section-bg-repeat='stretch' ><div class='av-section-color-overlay-wrap'><a href='#next-section' title='' class='scroll-down-link' aria-hidden='true' data-av_icon='\ue877' data-av_iconfont='entypo-fontello'><\/a><div class='container' ><div class='template-page content  av-content-full alpha units'><div class='post-entry post-entry-type-page post-entry-206'><div class='entry-content-wrapper clearfix'>\n<div class=\"flex_column av_one_fifth  av-animated-generic right-to-left  flex_column_div first  \" style='padding:20px; border-radius:0px; '><\/div><div class=\"flex_column av_three_fifth  av-animated-generic top-to-bottom  flex_column_div   \" style='padding:20px; border-radius:0px; '><p><br \/>\n<div style='height:700px' class='hr hr-invisible  '><span class='hr-inner ' ><span class='hr-inner-style'><\/span><\/span><\/div><\/p><\/div><div class=\"flex_column av_one_fifth  av-animated-generic right-to-left  flex_column_div   \" style='padding:20px; border-radius:0px; '><\/div>\n\n<\/div><\/div><\/div><!-- close content main div --><\/div><div class='av-extra-border-element border-extra-diagonal  diagonal-box-shadow'><div class='av-extra-border-outer'><div class='av-extra-border-inner'  style='background-color:#f8f8f8;' ><\/div><\/div><\/div><\/div><\/div><div id='work' class='avia-section main_color avia-section-small avia-no-border-styling avia-bg-style-scroll   container_wrap fullsize' style = 'background-color: #ffffff; '  ><div class='container' ><div class='template-page content  av-content-full alpha units'><div class='post-entry post-entry-type-page post-entry-206'><div class='entry-content-wrapper clearfix'>\n\n\n<div id='av-masonry-1' class='av-masonry noHover av-fixed-size av-large-gap av-hover-overlay- av-masonry-col-3 av-caption-always av-caption-style- av-masonry-gallery     '  ><div class='av-masonry-container isotope av-js-disabled ' ><div class='av-masonry-entry isotope-item av-masonry-item-no-image '><\/div><div id='av-masonry-1-item-695' data-av-masonry-item='695' class='av-masonry-entry isotope-item post-695 attachment type-attachment status-inherit hentry  av-masonry-item-with-image av-grid-img'   itemprop=\"thumbnailUrl\" ><div class='av-inner-masonry-sizer'><\/div><figure class='av-inner-masonry main_color'><div class=\"av-masonry-outerimage-container\"><div class=\"av-masonry-image-container\" style=\"background-image: url(https:\/\/foccodesign.com.br\/wp-content\/uploads\/2017\/10\/Captura-de-Tela-2017-10-08-a?s-20.45.50.png);\"><img decoding=\"async\" src=\"https:\/\/foccodesign.com.br\/wp-content\/uploads\/2017\/10\/Captura-de-Tela-2017-10-08-a?s-20.45.50.png\" title=\"Aparador\" alt=\"\" \/><\/div><\/div><\/figure><\/div><!--end av-masonry entry--><div id='av-masonry-1-item-696' data-av-masonry-item='696' class='av-masonry-entry isotope-item post-696 attachment type-attachment status-inherit hentry  av-masonry-item-with-image av-grid-img'   itemprop=\"thumbnailUrl\" ><div class='av-inner-masonry-sizer'><\/div><figure class='av-inner-masonry main_color'><div class=\"av-masonry-outerimage-container\"><div class=\"av-masonry-image-container\" style=\"background-image: url(https:\/\/foccodesign.com.br\/wp-content\/uploads\/2017\/10\/Captura-de-Tela-2017-10-08-a?s-20.46.08.png);\"><img decoding=\"async\" src=\"https:\/\/foccodesign.com.br\/wp-content\/uploads\/2017\/10\/Captura-de-Tela-2017-10-08-a?s-20.46.08.png\" title=\"Pufes\" alt=\"\" \/><\/div><\/div><\/figure><\/div><!--end av-masonry entry--><div id='av-masonry-1-item-697' data-av-masonry-item='697' class='av-masonry-entry isotope-item post-697 attachment type-attachment status-inherit hentry  av-masonry-item-with-image av-grid-img'   itemprop=\"thumbnailUrl\" ><div class='av-inner-masonry-sizer'><\/div><figure class='av-inner-masonry main_color'><div class=\"av-masonry-outerimage-container\"><div class=\"av-masonry-image-container\" style=\"background-image: url(https:\/\/foccodesign.com.br\/wp-content\/uploads\/2017\/10\/Captura-de-Tela-2017-10-08-a?s-20.46.15.png);\"><img decoding=\"async\" src=\"https:\/\/foccodesign.com.br\/wp-content\/uploads\/2017\/10\/Captura-de-Tela-2017-10-08-a?s-20.46.15.png\" title=\"cadeira\" alt=\"\" \/><\/div><\/div><\/figure><\/div><!--end av-masonry entry--><div id='av-masonry-1-item-743' data-av-masonry-item='743' class='av-masonry-entry isotope-item post-743 attachment type-attachment status-inherit hentry  av-masonry-item-with-image av-grid-img'   itemprop=\"thumbnailUrl\" ><div class='av-inner-masonry-sizer'><\/div><figure class='av-inner-masonry main_color'><div class=\"av-masonry-outerimage-container\"><div class=\"av-masonry-image-container\" style=\"background-image: url(https:\/\/foccodesign.com.br\/wp-content\/uploads\/2014\/09\/Quem-somos.png);\"><img decoding=\"async\" src=\"https:\/\/foccodesign.com.br\/wp-content\/uploads\/2014\/09\/Quem-somos.png\" title=\"sof\u00e1\" alt=\"\" \/><\/div><\/div><\/figure><\/div><!--end av-masonry entry--><div id='av-masonry-1-item-698' data-av-masonry-item='698' class='av-masonry-entry isotope-item post-698 attachment type-attachment status-inherit hentry  av-masonry-item-with-image av-grid-img'   itemprop=\"thumbnailUrl\" ><div class='av-inner-masonry-sizer'><\/div><figure class='av-inner-masonry main_color'><div class=\"av-masonry-outerimage-container\"><div class=\"av-masonry-image-container\" style=\"background-image: url(https:\/\/foccodesign.com.br\/wp-content\/uploads\/2017\/10\/Captura-de-Tela-2017-10-08-a?s-20.46.23.png);\"><img decoding=\"async\" src=\"https:\/\/foccodesign.com.br\/wp-content\/uploads\/2017\/10\/Captura-de-Tela-2017-10-08-a?s-20.46.23.png\" title=\"Captura de Tela 2017-10-08 a?s 20.46.23\" alt=\"\" \/><\/div><\/div><\/figure><\/div><!--end av-masonry entry--><div id='av-masonry-1-item-1051' data-av-masonry-item='1051' class='av-masonry-entry isotope-item post-1051 attachment type-attachment status-inherit hentry  av-masonry-item-with-image av-grid-img'   itemprop=\"thumbnailUrl\" ><div class='av-inner-masonry-sizer'><\/div><figure class='av-inner-masonry main_color'><div class=\"av-masonry-outerimage-container\"><div class=\"av-masonry-image-container\" style=\"background-image: url(https:\/\/foccodesign.com.br\/wp-content\/uploads\/2017\/10\/home.png);\"><img decoding=\"async\" src=\"https:\/\/foccodesign.com.br\/wp-content\/uploads\/2017\/10\/home.png\" title=\"home\" alt=\"\" \/><\/div><\/div><\/figure><\/div><!--end av-masonry entry--><\/div><\/div>\n<div id='fullscreen_slider_0' class='avia-fullscreen-slider main_color   container_wrap fullsize'   ><a href='#next-section' title='' class='scroll-down-link av-control-default' aria-hidden='true' data-av_icon='\ue877' data-av_iconfont='entypo-fontello'><\/a><div  data-size='extra_large'  data-lightbox_size='large'  data-animation='slide'  data-ids='1106'  data-video_counter='0'  data-autoplay='false'  data-bg_slider='true'  data-slide_height='100'  data-handle='av_fullscreen'  data-interval='5'  data-class=' '  data-css_id='fullscreen_slider_0'  data-scroll_down='aviaTBscroll_down'  data-control_layout='av-control-default'  data-custom_markup=''  data-perma_caption=''  data-autoplay_stopper=''  data-image_attachment='scroll'  data-min_height='0px'  data-stretch=''  data-default-height='100'  class='avia-slideshow avia-slideshow-1 av-slider-scroll-down-active av-control-default av-default-height-applied avia-slideshow-extra_large av_fullscreen   avia-slide-slider '  itemscope=\"itemscope\" itemtype=\"https:\/\/schema.org\/ImageObject\" ><ul class='avia-slideshow-inner' style='padding-bottom: 56.266666666667%;'><li style='background-position:top left;' data-img-url='https:\/\/foccodesign.com.br\/wp-content\/uploads\/2015\/07\/cadeira-1-1-1500x844.png' class=' av-single-slide slide-1 ' ><div data-rel='slideshow-1' class='avia-slide-wrap'  ><div class = \"caption_fullwidth av-slideshow-caption caption_right caption_right_framed caption_framed\"><div class = \"container caption_container\"><div class = \"slideshow_caption\"><div class = \"slideshow_inner_caption\"><div class = \"slideshow_align_caption\"><div class='avia-caption-content  av_inherit_color'  itemprop=\"description\"   style='font-size:40px; '><p>Ser, Viver e Inspirar<\/p>\n<\/div><a href='https:\/\/foccodesign.com.br\/galeria-de-produtos\/'  target=\"_blank\"  class='avia-slideshow-button avia-button avia-color-light ' data-duration='800' data-easing='easeInOutQuad'>Cole\u00e7\u00e3o.18<\/a><\/div><\/div><\/div><\/div><\/div><\/div><\/li><\/ul><\/div><\/div>\n<\/div><\/div><\/div><!-- close content main div --><\/div><\/div><div id='team' class='avia-section main_color avia-section-small avia-no-border-styling avia-bg-style-scroll   container_wrap fullsize' style = 'background-color: #f8f8f8; '  ><div class='container' ><div class='template-page content  av-content-full alpha units'><div class='post-entry post-entry-type-page post-entry-206'><div class='entry-content-wrapper clearfix'>\n<div style='padding-bottom:40px;font-size:30px;' class='av-special-heading av-special-heading-h3  blockquote modern-quote  av-inherit-size '><h3 class='av-special-heading-tag '  itemprop=\"headline\"  >\u00daltimos achados<\/h3><div class='special-heading-border'><div class='special-heading-inner-border' ><\/div><\/div><\/div>\n\n<\/div><\/div><\/div><!-- close content main div --><\/div><div class='av-extra-border-element border-extra-diagonal border-extra-diagonal-inverse '><div class='av-extra-border-outer'><div class='av-extra-border-inner'  style='background-color:#ffffff;' ><\/div><\/div><\/div><\/div><div id='av-layout-grid-1' class='av-layout-grid-container entry-content-wrapper main_color av-flex-cells    container_wrap fullsize'   >\n<div class=\"flex_cell no_margin av_one_third   \" style='height:500px; min-height:500px;vertical-align:top; padding:50px; '><div class='flex_cell_inner' ><p><div style='padding-bottom:0px;font-size:20px;' class='av-special-heading av-special-heading-h3  blockquote modern-quote modern-centered   av-inherit-size '><h3 class='av-special-heading-tag '  itemprop=\"headline\"  >Design<\/h3><div class='special-heading-border'><div class='special-heading-inner-border' ><\/div><\/div><\/div><br \/>\n<div style=' margin-top:15px; margin-bottom:15px;'  class='hr hr-custom hr-center hr-icon-no  '><span class='hr-inner   inner-border-av-border-thin' style=' width:30px; border-color:#000000;' ><span class='hr-inner-style'><\/span><\/span><\/div><br \/>\n<span class=\"av_font_icon avia_animate_when_visible  av-icon-style-  avia-icon-pos-center \" style=\"color:#cecece; border-color:#cecece;\"><span class='av-icon-char' style='font-size:40px;line-height:40px;' aria-hidden='true' data-av_icon='\ue877' data-av_iconfont='entypo-fontello' ><\/span><\/span><br \/>\n<div class='avia-image-container  av-styling-    avia-align-center '  itemscope=\"itemscope\" itemtype=\"https:\/\/schema.org\/ImageObject\"  ><div class='avia-image-container-inner'><img class='avia_image ' src='https:\/\/foccodesign.com.br\/wp-content\/uploads\/2015\/07\/IMG-SITE-ESTILO-300x300.png' alt='' title='IMG-SITE-ESTILO'   itemprop=\"thumbnailUrl\"  \/><\/div><\/div><\/p>\n<\/div><\/div><div class=\"flex_cell no_margin av_one_third   avia-full-stretch av-hide-on-mobile  \" style='height:500px; min-height:500px;vertical-align:middle; padding:50px; '><div class='flex_cell_inner' ><p><div style='padding-bottom:0px;font-size:20px;' class='av-special-heading av-special-heading-h3  blockquote modern-quote modern-centered   av-inherit-size '><h3 class='av-special-heading-tag '  itemprop=\"headline\"  >Estilo<\/h3><div class='special-heading-border'><div class='special-heading-inner-border' ><\/div><\/div><\/div><br \/>\n<div style=' margin-top:15px; margin-bottom:15px;'  class='hr hr-custom hr-center hr-icon-no  '><span class='hr-inner   inner-border-av-border-thin' style=' width:30px; border-color:#000000;' ><span class='hr-inner-style'><\/span><\/span><\/div><br \/>\n<span class=\"av_font_icon avia_animate_when_visible  av-icon-style-  avia-icon-pos-center \" style=\"color:#cecece; border-color:#cecece;\"><span class='av-icon-char' style='font-size:40px;line-height:40px;' aria-hidden='true' data-av_icon='\ue877' data-av_iconfont='entypo-fontello' ><\/span><\/span><br \/>\n<div class='avia-image-container  av-styling-    avia-align-center '  itemscope=\"itemscope\" itemtype=\"https:\/\/schema.org\/ImageObject\"  ><div class='avia-image-container-inner'><img class='avia_image ' src='https:\/\/foccodesign.com.br\/wp-content\/uploads\/2015\/07\/IMG-SITE-DESIGN-300x300.png' alt='' title='IMG-SITE-DESIGN'   itemprop=\"thumbnailUrl\"  \/><\/div><\/div><br \/>\n<div class='avia-image-container  av-styling-    avia-align-center '  itemscope=\"itemscope\" itemtype=\"https:\/\/schema.org\/ImageObject\"  ><div class='avia-image-container-inner'><img class='avia_image ' src='https:\/\/foccodesign.com.br\/public_html\/novo\/wp-content\/uploads\/2015\/07\/cadeira2-300x290.png' alt='' title=''   itemprop=\"thumbnailUrl\"  \/><\/div><\/div><\/p>\n<\/div><\/div><div class=\"flex_cell no_margin av_one_third   \" style='height:500px; min-height:500px;vertical-align:middle; padding:50px; '><div class='flex_cell_inner' ><p><div style='padding-bottom:0px;font-size:20px;' class='av-special-heading av-special-heading-h3  blockquote modern-quote modern-centered   av-inherit-size '><h3 class='av-special-heading-tag '  itemprop=\"headline\"  >Elegancia<\/h3><div class='special-heading-border'><div class='special-heading-inner-border' ><\/div><\/div><\/div><br \/>\n<div style=' margin-top:15px; margin-bottom:15px;'  class='hr hr-custom hr-center hr-icon-no  '><span class='hr-inner   inner-border-av-border-thin' style=' width:30px; border-color:#000000;' ><span class='hr-inner-style'><\/span><\/span><\/div><br \/>\n<span class=\"av_font_icon avia_animate_when_visible  av-icon-style-  avia-icon-pos-center \" style=\"color:#cecece; border-color:#cecece;\"><span class='av-icon-char' style='font-size:40px;line-height:40px;' aria-hidden='true' data-av_icon='\ue877' data-av_iconfont='entypo-fontello' ><\/span><\/span><br \/>\n<div class='avia-image-container  av-styling-    avia-align-center '  itemscope=\"itemscope\" itemtype=\"https:\/\/schema.org\/ImageObject\"  ><div class='avia-image-container-inner'><img class='avia_image ' src='https:\/\/foccodesign.com.br\/wp-content\/uploads\/2015\/07\/IMG-SITE-ELEGANCIA-300x300.png' alt='' title='IMG-SITE-ELEGANCIA'   itemprop=\"thumbnailUrl\"  \/><\/div><\/div><br \/>\n<div class='avia-image-container  av-styling-    avia-align-center '  itemscope=\"itemscope\" itemtype=\"https:\/\/schema.org\/ImageObject\"  ><div class='avia-image-container-inner'><img class='avia_image ' src='https:\/\/foccodesign.com.br\/public_html\/novo\/wp-content\/uploads\/2015\/07\/cadeira1-300x290.png' alt='' title=''   itemprop=\"thumbnailUrl\"  \/><\/div><\/div><\/p>\n<\/div><\/div>\n<\/div>\n<\/div><\/div><\/div><!-- close content main div --><\/div><div class='av-extra-border-element border-extra-diagonal border-extra-diagonal-inverse '><div class='av-extra-border-outer'><div class='av-extra-border-inner'  style='background-color:#ffffff;' ><\/div><\/div><\/div><\/div><div id='team' class='avia-section main_color avia-section-large avia-no-border-styling avia-bg-style-scroll   container_wrap fullsize' style = 'background-color: #ffffff; '  ><div class='container' ><div class='template-page content  av-content-full alpha units'><div class='post-entry post-entry-type-page post-entry-206'><div class='entry-content-wrapper clearfix'>\n<\/div><\/div><\/div><!-- close content main div --><\/div><div class='av-extra-border-element border-extra-diagonal  '><div class='av-extra-border-outer'><div class='av-extra-border-inner'  style='background-color:#f8f8f8;' ><\/div><\/div><\/div><\/div><div id='contact' class='avia-section main_color avia-section-large avia-no-border-styling avia-bg-style-scroll   container_wrap fullsize' style = 'background-color: #f8f8f8; '  ><div class='container' ><div class='template-page content  av-content-full alpha units'><div class='post-entry post-entry-type-page post-entry-206'><div class='entry-content-wrapper clearfix'>\n<div style='padding-bottom:40px;font-size:30px;' class='av-special-heading av-special-heading-h3  blockquote modern-quote   av-inherit-size '><h3 class='av-special-heading-tag '  itemprop=\"headline\"  >Contato<\/h3><div class='special-heading-border'><div class='special-heading-inner-border' ><\/div><\/div><\/div>\n<div class=\"flex_column av_one_half  av-animated-generic right-to-left  flex_column_div av-zero-column-padding first  \" style='border-radius:0px; '><form action=\"https:\/\/foccodesign.com.br\/\" method=\"post\"  class=\"avia_ajax_form av-form-labels-hidden   av-custom-form-color av-dark-form \" data-avia-form-id=\"1\" data-avia-redirect=''><fieldset><p class=' first_form  form_element form_fullwidth' id='element_avia_1_1'> <input name=\"avia_1_1\" class=\"text_input is_empty\" type=\"text\" id=\"avia_1_1\" value=\"\"  placeholder='Nome*'\/><\/p><p class=' first_form  form_element form_fullwidth' id='element_avia_2_1'> <input name=\"avia_2_1\" class=\"text_input is_email\" type=\"text\" id=\"avia_2_1\" value=\"\"  placeholder='E-Mail*'\/><\/p><p class=' first_form  form_element form_fullwidth av-last-visible-form-element' id='element_avia_3_1'>\t <textarea  placeholder='Mensagem*' name=\"avia_3_1\" class=\"text_area is_empty\" cols=\"40\" rows=\"7\" id=\"avia_3_1\" ><\/textarea><\/p><p class=\"hidden\"><input type=\"text\" name=\"avia_4_1\" class=\"hidden \" id=\"avia_4_1\" value=\"\" \/><\/p><p class=\"form_element \"><input type=\"hidden\" value=\"1\" name=\"avia_generated_form1\" \/><input type=\"submit\" value=\"Enviar\" class=\"button\"  data-sending-label=\"Sending\"\/><\/p><\/fieldset><\/form><div id=\"ajaxresponse_1\" class=\"ajaxresponse ajaxresponse_1 hidden\"><\/div><\/div><div class=\"flex_column av_one_fourth  av-animated-generic right-to-left  flex_column_div av-zero-column-padding   \" style='border-radius:0px; '><section class=\"av_textblock_section \"  itemscope=\"itemscope\" itemtype=\"https:\/\/schema.org\/CreativeWork\" ><div class='avia_textblock  '  style='font-size:15px; '  itemprop=\"text\" ><h3>Endere\u00e7o<\/h3>\n<p>Av. Ibirapuera, 3303. Lj 5 e 6<br \/>\nMoema, S\u00e3o Paulo &#8211; SP<\/p>\n<h3>Contato<\/h3>\n<p>foccodesign@foccodesign.com.br<br \/>\n+55 11 5531 7171<\/p>\n<h2><\/h2>\n<\/div><\/section><\/div><div class=\"flex_column av_one_fourth  av-animated-generic right-to-left  flex_column_div av-zero-column-padding   \" style='border-radius:0px; '><section class=\"av_textblock_section \"  itemscope=\"itemscope\" itemtype=\"https:\/\/schema.org\/CreativeWork\" ><div class='avia_textblock  '  style='font-size:15px; '  itemprop=\"text\" ><h3>Atendimento:<\/h3>\n<p>Seg-Sex: 10:00-22:00<br \/>\nSab: 10:00-20:00<br \/>\nDom\/Feriado: 14:00-19:00<\/p>\n<\/div><\/section><\/div><div id='av_gmap_1' class='avia-google-map-container ' data-mapid='1' style='height: 400px;'><\/div><\/p>\n<\/div>\n<\/div>\n","protected":false},"excerpt":{"rendered":"Ser, Viver e Inspirar Cole\u00e7\u00e3o.18 \u00daltimos achados Design Estilo Elegancia Contato Endere\u00e7o Av. Ibirapuera, 3303. Lj 5 e 6 Moema, S\u00e3o Paulo &#8211; SP Contato foccodesign@foccodesign.com.br +55 11 5531 7171 Atendimento: Seg-Sex: 10:00-22:00 Sab: 10:00-20:00 Dom\/Feriado: 14:00-19:00","protected":false},"author":2,"featured_media":0,"parent":0,"menu_order":0,"comment_status":"open","ping_status":"closed","template":"","meta":{"_exactmetrics_skip_tracking":false,"_exactmetrics_sitenote_active":false,"_exactmetrics_sitenote_note":"","_exactmetrics_sitenote_category":0,"footnotes":""},"class_list":["post-206","page","type-page","status-publish","hentry"],"_links":{"self":[{"href":"https:\/\/foccodesign.com.br\/index.php?rest_route=\/wp\/v2\/pages\/206","targetHints":{"allow":["GET"]}}],"collection":[{"href":"https:\/\/foccodesign.com.br\/index.php?rest_route=\/wp\/v2\/pages"}],"about":[{"href":"https:\/\/foccodesign.com.br\/index.php?rest_route=\/wp\/v2\/types\/page"}],"author":[{"embeddable":true,"href":"https:\/\/foccodesign.com.br\/index.php?rest_route=\/wp\/v2\/users\/2"}],"replies":[{"embeddable":true,"href":"https:\/\/foccodesign.com.br\/index.php?rest_route=%2Fwp%2Fv2%2Fcomments&post=206"}],"version-history":[{"count":242,"href":"https:\/\/foccodesign.com.br\/index.php?rest_route=\/wp\/v2\/pages\/206\/revisions"}],"predecessor-version":[{"id":1945,"href":"https:\/\/foccodesign.com.br\/index.php?rest_route=\/wp\/v2\/pages\/206\/revisions\/1945"}],"wp:attachment":[{"href":"https:\/\/foccodesign.com.br\/index.php?rest_route=%2Fwp%2Fv2%2Fmedia&parent=206"}],"curies":[{"name":"wp","href":"https:\/\/api.w.org\/{rel}","templated":true}]}}